{"id":5543,"date":"2026-01-05T09:52:26","date_gmt":"2026-01-05T09:52:26","guid":{"rendered":"https:\/\/www.nanovi.de\/about-eng3-corporation\/"},"modified":"2026-03-26T11:28:15","modified_gmt":"2026-03-26T11:28:15","slug":"about-eng3-corporation","status":"publish","type":"page","link":"https:\/\/www.nanovi.de\/en\/about-eng3-corporation\/","title":{"rendered":"About Eng3 Corporation"},"content":{"rendered":"\t\t<div data-elementor-type=\"wp-page\" data-elementor-id=\"5543\" class=\"elementor elementor-5543 elementor-4128\" data-elementor-post-type=\"page\">\n\t\t\t\t<div class=\"elementor-element elementor-element-4bd4a4a5 e-flex e-con-boxed e-con e-parent\" data-id=\"4bd4a4a5\" data-element_type=\"container\" data-e-type=\"container\">\n\t\t\t\t\t<div class=\"e-con-inner\">\n\t\t<div class=\"elementor-element elementor-element-67fcc344 e-con-full e-flex e-con e-child\" data-id=\"67fcc344\" data-element_type=\"container\" data-e-type=\"container\">\n\t\t\t\t<div class=\"elementor-element elementor-element-38d72f61 elementor-widget elementor-widget-heading\" data-id=\"38d72f61\" data-element_type=\"widget\" data-e-type=\"widget\" data-widget_type=\"heading.default\">\n\t\t\t\t<div class=\"elementor-widget-container\">\n\t\t\t\t\t<h1 class=\"elementor-heading-title elementor-size-default\">About Eng3 Corporation<\/h1>\t\t\t\t<\/div>\n\t\t\t\t<\/div>\n\t\t\t\t<\/div>\n\t\t\t\t<div class=\"elementor-element elementor-element-3b1b133c elementor-widget elementor-widget-image\" data-id=\"3b1b133c\" data-element_type=\"widget\" data-e-type=\"widget\" data-widget_type=\"image.default\">\n\t\t\t\t<div class=\"elementor-widget-container\">\n\t\t\t\t\t\t\t\t\t\t\t\t\t\t\t<img fetchpriority=\"high\" decoding=\"async\" width=\"800\" height=\"737\" src=\"https:\/\/www.nanovi.de\/wp-content\/uploads\/2025\/07\/NanoVi-Exo-e1662504085858-1024x943.png\" class=\"attachment-large size-large wp-image-5440\" alt=\"\" srcset=\"https:\/\/www.nanovi.de\/wp-content\/uploads\/2025\/07\/NanoVi-Exo-e1662504085858-1024x943.png 1024w, https:\/\/www.nanovi.de\/wp-content\/uploads\/2025\/07\/NanoVi-Exo-e1662504085858-300x276.png 300w, https:\/\/www.nanovi.de\/wp-content\/uploads\/2025\/07\/NanoVi-Exo-e1662504085858-768x707.png 768w, https:\/\/www.nanovi.de\/wp-content\/uploads\/2025\/07\/NanoVi-Exo-e1662504085858-13x12.png 13w, https:\/\/www.nanovi.de\/wp-content\/uploads\/2025\/07\/NanoVi-Exo-e1662504085858.png 1133w\" sizes=\"(max-width: 800px) 100vw, 800px\" \/>\t\t\t\t\t\t\t\t\t\t\t\t\t\t\t<\/div>\n\t\t\t\t<\/div>\n\t\t\t\t\t<\/div>\n\t\t\t\t<\/div>\n\t\t<div class=\"elementor-element elementor-element-30633fe4 e-flex e-con-boxed e-con e-parent\" data-id=\"30633fe4\" data-element_type=\"container\" data-e-type=\"container\">\n\t\t\t\t\t<div class=\"e-con-inner\">\n\t\t<div class=\"elementor-element elementor-element-75c044c6 e-con-full e-flex e-con e-child\" data-id=\"75c044c6\" data-element_type=\"container\" data-e-type=\"container\">\n\t\t\t\t<div class=\"elementor-element elementor-element-1123ac5a elementor-widget elementor-widget-elementskit-heading\" data-id=\"1123ac5a\" data-element_type=\"widget\" data-e-type=\"widget\" data-widget_type=\"elementskit-heading.default\">\n\t\t\t\t<div class=\"elementor-widget-container\">\n\t\t\t\t\t<div class=\"ekit-wid-con\" ><div class=\"ekit-heading elementskit-section-title-wraper    ekit_heading_tablet-   ekit_heading_mobile-\"><h2 class=\"ekit-heading--title elementskit-section-title \">Our mission<\/h2><\/div><\/div>\t\t\t\t<\/div>\n\t\t\t\t<\/div>\n\t\t<div class=\"elementor-element elementor-element-8400150 e-con-full e-flex e-con e-child\" data-id=\"8400150\" data-element_type=\"container\" data-e-type=\"container\">\n\t\t\t\t<div class=\"elementor-element elementor-element-54df87ea elementor-widget elementor-widget-text-editor\" data-id=\"54df87ea\" data-element_type=\"widget\" data-e-type=\"widget\" data-widget_type=\"text-editor.default\">\n\t\t\t\t<div class=\"elementor-widget-container\">\n\t\t\t\t\t\t\t\t\t<p>Our mission is to utilize the latest findings from biophysics, water science, and cellular research to improve cell health and enhance people&#8217;s long-term well-being. Instead of overriding the body&#8217;s natural processes with medication, we focus on supportive, gentle regeneration based on regular exercise, a balanced diet, sufficient sleep, and innovative technology.  <\/p>\t\t\t\t\t\t\t\t<\/div>\n\t\t\t\t<\/div>\n\t\t\t\t<\/div>\n\t\t\t\t<\/div>\n\t\t<div class=\"elementor-element elementor-element-1b0bac7d e-con-full e-flex e-con e-child\" data-id=\"1b0bac7d\" data-element_type=\"container\" data-e-type=\"container\" data-settings=\"{&quot;background_background&quot;:&quot;classic&quot;}\">\n\t\t\t\t<\/div>\n\t\t\t\t\t<\/div>\n\t\t\t\t<\/div>\n\t\t<div class=\"elementor-element elementor-element-52ec9299 e-flex e-con-boxed e-con e-parent\" data-id=\"52ec9299\" data-element_type=\"container\" data-e-type=\"container\">\n\t\t\t\t\t<div class=\"e-con-inner\">\n\t\t<div class=\"elementor-element elementor-element-3b657f95 e-con-full e-flex e-con e-child\" data-id=\"3b657f95\" data-element_type=\"container\" data-e-type=\"container\" data-settings=\"{&quot;background_background&quot;:&quot;classic&quot;}\">\n\t\t\t\t<div class=\"elementor-element elementor-element-17347e1 elementor-widget elementor-widget-html\" data-id=\"17347e1\" data-element_type=\"widget\" data-e-type=\"widget\" data-widget_type=\"html.default\">\n\t\t\t\t<div class=\"elementor-widget-container\">\n\t\t\t\t\t<div style=\"min-height: 270px; min-width: 480px; width: 100%; position: relative; aspect-ratio: 1.78; border-radius: 12px; overflow: hidden;\">\n  <script id=\"f6f949e217d459ea75bb5d23d959cb95-vod-d989f86d5300035f9ba93b8412a0d142\" style=\"position: absolute; top: 0; left: 0; width: 100%; height: 100%;\" src=\"https:\/\/player.dacast.com\/js\/player.js?contentId=f6f949e217d459ea75bb5d23d959cb95-vod-d989f86d5300035f9ba93b8412a0d142\" class=\"dc-video\">\n  <\/script>\n<\/div>\t\t\t\t<\/div>\n\t\t\t\t<\/div>\n\t\t\t\t<\/div>\n\t\t<div class=\"elementor-element elementor-element-50400492 e-con-full e-flex e-con e-child\" data-id=\"50400492\" data-element_type=\"container\" data-e-type=\"container\">\n\t\t\t\t<div class=\"elementor-element elementor-element-44521ff5 elementor-widget elementor-widget-elementskit-heading\" data-id=\"44521ff5\" data-element_type=\"widget\" data-e-type=\"widget\" data-widget_type=\"elementskit-heading.default\">\n\t\t\t\t<div class=\"elementor-widget-container\">\n\t\t\t\t\t<div class=\"ekit-wid-con\" ><div class=\"ekit-heading elementskit-section-title-wraper    ekit_heading_tablet-   ekit_heading_mobile-\"><h2 class=\"ekit-heading--title elementskit-section-title \">Scientific background<\/h2><\/div><\/div>\t\t\t\t<\/div>\n\t\t\t\t<\/div>\n\t\t<div class=\"elementor-element elementor-element-48aa0e29 e-con-full e-flex e-con e-child\" data-id=\"48aa0e29\" data-element_type=\"container\" data-e-type=\"container\">\n\t\t\t\t<div class=\"elementor-element elementor-element-58acfbb3 elementor-widget elementor-widget-text-editor\" data-id=\"58acfbb3\" data-element_type=\"widget\" data-e-type=\"widget\" data-widget_type=\"text-editor.default\">\n\t\t\t\t<div class=\"elementor-widget-container\">\n\t\t\t\t\t\t\t\t\t<p>Our background is in Applied Science.<\/p><p>Applied science is the application of scientific methods and knowledge to achieve practical goals and solve real-world problems.<\/p><p>We use applied science to focus on developing concrete, usable solutions, products, and processes. <\/p>\t\t\t\t\t\t\t\t<\/div>\n\t\t\t\t<\/div>\n\t\t\t\t<div class=\"elementor-element elementor-element-6efa73f1 elementor-widget elementor-widget-button\" data-id=\"6efa73f1\" data-element_type=\"widget\" data-e-type=\"widget\" data-widget_type=\"button.default\">\n\t\t\t\t<div class=\"elementor-widget-container\">\n\t\t\t\t\t\t\t\t\t<div class=\"elementor-button-wrapper\">\n\t\t\t\t\t<a class=\"elementor-button elementor-button-link elementor-size-sm\" href=\"https:\/\/www.nanovi.de\/en\/applied-science\/\">\n\t\t\t\t\t\t<span class=\"elementor-button-content-wrapper\">\n\t\t\t\t\t\t\t\t\t<span class=\"elementor-button-text\">Learn more!<\/span>\n\t\t\t\t\t<\/span>\n\t\t\t\t\t<\/a>\n\t\t\t\t<\/div>\n\t\t\t\t\t\t\t\t<\/div>\n\t\t\t\t<\/div>\n\t\t\t\t<\/div>\n\t\t\t\t<\/div>\n\t\t\t\t\t<\/div>\n\t\t\t\t<\/div>\n\t\t<div class=\"elementor-element elementor-element-5ca6221b e-flex e-con-boxed e-con e-parent\" data-id=\"5ca6221b\" data-element_type=\"container\" data-e-type=\"container\" data-settings=\"{&quot;background_background&quot;:&quot;gradient&quot;}\">\n\t\t\t\t\t<div class=\"e-con-inner\">\n\t\t<div class=\"elementor-element elementor-element-1db24184 e-con-full e-flex e-con e-child\" data-id=\"1db24184\" data-element_type=\"container\" data-e-type=\"container\">\n\t\t\t\t<div class=\"elementor-element elementor-element-79cde8af elementor-widget elementor-widget-heading\" data-id=\"79cde8af\" data-element_type=\"widget\" data-e-type=\"widget\" data-widget_type=\"heading.default\">\n\t\t\t\t<div class=\"elementor-widget-container\">\n\t\t\t\t\t<h2 class=\"elementor-heading-title elementor-size-default\">Eng3 Corporation - Pioneer of cell regeneration technology<\/h2>\t\t\t\t<\/div>\n\t\t\t\t<\/div>\n\t\t\t\t<div class=\"elementor-element elementor-element-58662182 elementor-widget elementor-widget-text-editor\" data-id=\"58662182\" data-element_type=\"widget\" data-e-type=\"widget\" data-widget_type=\"text-editor.default\">\n\t\t\t\t<div class=\"elementor-widget-container\">\n\t\t\t\t\t\t\t\t\t<p>Eng3 Corporation was founded in 2003 by engineer Hans Eng. The company develops scientifically validated technologies that promote cell regeneration, increase cellular energy, and specifically support protein folding. <\/p>\n<p>Eng3 is the first medical technology company to comprehensively address the effects of oxidative stress, cell damage, and DNA damage. The focus is on both repairing existing damage and slowing down cellular aging. <\/p>\n<p>Die Ger\u00e4teserie NanoVi Eco\u00ae, NanoVi Pro\u00ae und NanoVi Exo\u00ae wurde entwickelt, um mithilfe von geordnetem Wasser und Biophysik die k\u00f6rpereigene Regeneration auf zellul\u00e4rer Ebene, nicht-invasiv, nebenwirkungsfrei und mit positiven Effekten auf K\u00f6rper und Geist, zu aktivieren.<\/p>\t\t\t\t\t\t\t\t<\/div>\n\t\t\t\t<\/div>\n\t\t\t\t<\/div>\n\t\t<div class=\"elementor-element elementor-element-34e0b667 e-con-full e-flex e-con e-child\" data-id=\"34e0b667\" data-element_type=\"container\" data-e-type=\"container\" data-settings=\"{&quot;background_background&quot;:&quot;classic&quot;}\">\n\t\t\t\t<div class=\"elementor-element elementor-element-9e2cefd elementor-widget elementor-widget-image\" data-id=\"9e2cefd\" data-element_type=\"widget\" data-e-type=\"widget\" data-widget_type=\"image.default\">\n\t\t\t\t<div class=\"elementor-widget-container\">\n\t\t\t\t\t\t\t\t\t\t\t\t\t\t\t<img fetchpriority=\"high\" decoding=\"async\" width=\"800\" height=\"737\" src=\"https:\/\/www.nanovi.de\/wp-content\/uploads\/2025\/07\/NanoVi-Exo-e1662504085858-1024x943.png\" class=\"attachment-large size-large wp-image-5440\" alt=\"\" srcset=\"https:\/\/www.nanovi.de\/wp-content\/uploads\/2025\/07\/NanoVi-Exo-e1662504085858-1024x943.png 1024w, https:\/\/www.nanovi.de\/wp-content\/uploads\/2025\/07\/NanoVi-Exo-e1662504085858-300x276.png 300w, https:\/\/www.nanovi.de\/wp-content\/uploads\/2025\/07\/NanoVi-Exo-e1662504085858-768x707.png 768w, https:\/\/www.nanovi.de\/wp-content\/uploads\/2025\/07\/NanoVi-Exo-e1662504085858-13x12.png 13w, https:\/\/www.nanovi.de\/wp-content\/uploads\/2025\/07\/NanoVi-Exo-e1662504085858.png 1133w\" sizes=\"(max-width: 800px) 100vw, 800px\" \/>\t\t\t\t\t\t\t\t\t\t\t\t\t\t\t<\/div>\n\t\t\t\t<\/div>\n\t\t\t\t<\/div>\n\t\t\t\t\t<\/div>\n\t\t\t\t<\/div>\n\t\t<div class=\"elementor-element elementor-element-7028f93 e-flex e-con-boxed e-con e-parent\" data-id=\"7028f93\" data-element_type=\"container\" data-e-type=\"container\">\n\t\t\t\t\t<div class=\"e-con-inner\">\n\t\t<div class=\"elementor-element elementor-element-8a2a2c7 e-con-full e-flex e-con e-child\" data-id=\"8a2a2c7\" data-element_type=\"container\" data-e-type=\"container\" data-settings=\"{&quot;background_background&quot;:&quot;gradient&quot;}\">\n\t\t<div class=\"elementor-element elementor-element-4908f8c e-con-full e-flex e-con e-child\" data-id=\"4908f8c\" data-element_type=\"container\" data-e-type=\"container\">\n\t\t<div class=\"elementor-element elementor-element-b2203f9 e-con-full e-flex e-con e-child\" data-id=\"b2203f9\" data-element_type=\"container\" data-e-type=\"container\">\n\t\t\t\t<div class=\"elementor-element elementor-element-01f3806 elementor-widget elementor-widget-heading\" data-id=\"01f3806\" data-element_type=\"widget\" data-e-type=\"widget\" data-widget_type=\"heading.default\">\n\t\t\t\t<div class=\"elementor-widget-container\">\n\t\t\t\t\t<h2 class=\"elementor-heading-title elementor-size-default\">Hans Eng<\/h2>\t\t\t\t<\/div>\n\t\t\t\t<\/div>\n\t\t\t\t<div class=\"elementor-element elementor-element-8e07bea elementor-widget elementor-widget-heading\" data-id=\"8e07bea\" data-element_type=\"widget\" data-e-type=\"widget\" data-widget_type=\"heading.default\">\n\t\t\t\t<div class=\"elementor-widget-container\">\n\t\t\t\t\t<p class=\"elementor-heading-title elementor-size-default\">Engineer, innovator and CEO of Eng3 Corporation<\/p>\t\t\t\t<\/div>\n\t\t\t\t<\/div>\n\t\t\t\t<\/div>\n\t\t\t\t<div class=\"elementor-element elementor-element-4e4cbb7 elementor-widget elementor-widget-text-editor\" data-id=\"4e4cbb7\" data-element_type=\"widget\" data-e-type=\"widget\" data-widget_type=\"text-editor.default\">\n\t\t\t\t<div class=\"elementor-widget-container\">\n\t\t\t\t\t\t\t\t\t<div class=\"ewa-rteLine\"><div class=\"ewa-rteLine\">Hans Eng, founder and CEO of Eng3 Corporation, is from Berlin and brings over 25 years of experience in medical technology. After working at Johnson &amp; Johnson and successfully founding a German medical technology company, he developed the patented NanoVi\u00ae technology. <\/div><div class=\"ewa-rteLine\"> <\/div><div class=\"ewa-rteLine\">With his background in materials science and proteomics, Hans combines cutting-edge research with his passion for health and athletic performance.<\/div><\/div>\t\t\t\t\t\t\t\t<\/div>\n\t\t\t\t<\/div>\n\t\t\t\t<\/div>\n\t\t<div class=\"elementor-element elementor-element-1a1ab15 e-con-full e-flex e-con e-child\" data-id=\"1a1ab15\" data-element_type=\"container\" data-e-type=\"container\" data-settings=\"{&quot;background_background&quot;:&quot;classic&quot;}\">\n\t\t\t\t<\/div>\n\t\t\t\t<\/div>\n\t\t\t\t\t<\/div>\n\t\t\t\t<\/div>\n\t\t<div class=\"elementor-element elementor-element-8ec75e9 e-flex e-con-boxed e-con e-parent\" data-id=\"8ec75e9\" data-element_type=\"container\" data-e-type=\"container\">\n\t\t\t\t\t<div class=\"e-con-inner\">\n\t\t<div class=\"elementor-element elementor-element-e85cbbb e-con-full e-flex e-con e-child\" data-id=\"e85cbbb\" data-element_type=\"container\" data-e-type=\"container\" data-settings=\"{&quot;background_background&quot;:&quot;gradient&quot;}\">\n\t\t<div class=\"elementor-element elementor-element-00fb10c e-con-full e-flex e-con e-child\" data-id=\"00fb10c\" data-element_type=\"container\" data-e-type=\"container\">\n\t\t<div class=\"elementor-element elementor-element-3ea33c8 e-con-full e-flex e-con e-child\" data-id=\"3ea33c8\" data-element_type=\"container\" data-e-type=\"container\">\n\t\t\t\t<div class=\"elementor-element elementor-element-5d03c31 elementor-widget elementor-widget-heading\" data-id=\"5d03c31\" data-element_type=\"widget\" data-e-type=\"widget\" data-widget_type=\"heading.default\">\n\t\t\t\t<div class=\"elementor-widget-container\">\n\t\t\t\t\t<h2 class=\"elementor-heading-title elementor-size-default\">Rowena Gates<\/h2>\t\t\t\t<\/div>\n\t\t\t\t<\/div>\n\t\t\t\t<div class=\"elementor-element elementor-element-de646c0 elementor-widget elementor-widget-heading\" data-id=\"de646c0\" data-element_type=\"widget\" data-e-type=\"widget\" data-widget_type=\"heading.default\">\n\t\t\t\t<div class=\"elementor-widget-container\">\n\t\t\t\t\t<p class=\"elementor-heading-title elementor-size-default\">VP Business Development<\/p>\t\t\t\t<\/div>\n\t\t\t\t<\/div>\n\t\t\t\t<\/div>\n\t\t\t\t<div class=\"elementor-element elementor-element-b89bdcf elementor-widget elementor-widget-text-editor\" data-id=\"b89bdcf\" data-element_type=\"widget\" data-e-type=\"widget\" data-widget_type=\"text-editor.default\">\n\t\t\t\t<div class=\"elementor-widget-container\">\n\t\t\t\t\t\t\t\t\t<div class=\"ewa-rteLine\">Rowena Gates, Vice President of Business Development at Eng3 Corporation, brings over 15 years of experience in the health, wellness, and performance optimization sectors. She was the founder and CEO of Aviarc Corporation, a leading document management company, and co-founded two technology companies, including one of the first internet-based logistics solutions. <\/div><div class=\"ewa-rteLine\"> <\/div><div class=\"ewa-rteLine\">Rowena holds a Ph.D. from the University of Washington, specializing in international strategic alliances for high-tech companies.<\/div>\t\t\t\t\t\t\t\t<\/div>\n\t\t\t\t<\/div>\n\t\t\t\t<\/div>\n\t\t<div class=\"elementor-element elementor-element-e779517 e-con-full e-flex e-con e-child\" data-id=\"e779517\" data-element_type=\"container\" data-e-type=\"container\" data-settings=\"{&quot;background_background&quot;:&quot;classic&quot;}\">\n\t\t\t\t<\/div>\n\t\t\t\t<\/div>\n\t\t\t\t\t<\/div>\n\t\t\t\t<\/div>\n\t\t\t\t<\/div>\n\t\t","protected":false},"excerpt":{"rendered":"<p>About Eng3 Corporation Our mission Our mission is to utilize the latest findings from biophysics, water science, and cellular research to improve cell health and enhance people&#8217;s long-term well-being. Instead of overriding the body&#8217;s natural processes with medication, we focus on supportive, gentle regeneration based on regular exercise, a balanced diet, sufficient sleep, and innovative [&hellip;]<\/p>\n","protected":false},"author":5,"featured_media":0,"parent":0,"menu_order":0,"comment_status":"closed","ping_status":"closed","template":"","meta":{"footnotes":""},"class_list":["post-5543","page","type-page","status-publish","hentry"],"yoast_head":"<!-- This site is optimized with the Yoast SEO plugin v27.1.1 - https:\/\/yoast.com\/product\/yoast-seo-wordpress\/ -->\n<title>About Eng3 Corporation - Nanovi<\/title>\n<meta name=\"robots\" content=\"index, follow, max-snippet:-1, max-image-preview:large, max-video-preview:-1\" \/>\n<link rel=\"canonical\" href=\"https:\/\/www.nanovi.de\/en\/about-eng3-corporation\/\" \/>\n<meta property=\"og:locale\" content=\"en_US\" \/>\n<meta property=\"og:type\" content=\"article\" \/>\n<meta property=\"og:title\" content=\"About Eng3 Corporation - Nanovi\" \/>\n<meta property=\"og:description\" content=\"About Eng3 Corporation Our mission Our mission is to utilize the latest findings from biophysics, water science, and cellular research to improve cell health and enhance people&#8217;s long-term well-being. Instead of overriding the body&#8217;s natural processes with medication, we focus on supportive, gentle regeneration based on regular exercise, a balanced diet, sufficient sleep, and innovative [&hellip;]\" \/>\n<meta property=\"og:url\" content=\"https:\/\/www.nanovi.de\/en\/about-eng3-corporation\/\" \/>\n<meta property=\"og:site_name\" content=\"Nanovi\" \/>\n<meta property=\"article:modified_time\" content=\"2026-03-26T11:28:15+00:00\" \/>\n<meta property=\"og:image\" content=\"https:\/\/www.nanovi.de\/wp-content\/uploads\/2025\/07\/NanoVi-Exo-e1662504085858.png\" \/>\n\t<meta property=\"og:image:width\" content=\"1133\" \/>\n\t<meta property=\"og:image:height\" content=\"1043\" \/>\n\t<meta property=\"og:image:type\" content=\"image\/png\" \/>\n<meta name=\"twitter:card\" content=\"summary_large_image\" \/>\n<meta name=\"twitter:label1\" content=\"Est. reading time\" \/>\n\t<meta name=\"twitter:data1\" content=\"2 minutes\" \/>\n<script type=\"application\/ld+json\" class=\"yoast-schema-graph\">{\"@context\":\"https:\/\/schema.org\",\"@graph\":[{\"@type\":\"WebPage\",\"@id\":\"https:\/\/www.nanovi.de\/en\/about-eng3-corporation\/\",\"url\":\"https:\/\/www.nanovi.de\/en\/about-eng3-corporation\/\",\"name\":\"About Eng3 Corporation - Nanovi\",\"isPartOf\":{\"@id\":\"https:\/\/www.nanovi.de\/en\/#website\"},\"primaryImageOfPage\":{\"@id\":\"https:\/\/www.nanovi.de\/en\/about-eng3-corporation\/#primaryimage\"},\"image\":{\"@id\":\"https:\/\/www.nanovi.de\/en\/about-eng3-corporation\/#primaryimage\"},\"thumbnailUrl\":\"https:\/\/www.nanovi.de\/wp-content\/uploads\/2025\/07\/NanoVi-Exo-e1662504085858-1024x943.png\",\"datePublished\":\"2026-01-05T09:52:26+00:00\",\"dateModified\":\"2026-03-26T11:28:15+00:00\",\"breadcrumb\":{\"@id\":\"https:\/\/www.nanovi.de\/en\/about-eng3-corporation\/#breadcrumb\"},\"inLanguage\":\"en-US\",\"potentialAction\":[{\"@type\":\"ReadAction\",\"target\":[\"https:\/\/www.nanovi.de\/en\/about-eng3-corporation\/\"]}]},{\"@type\":\"ImageObject\",\"inLanguage\":\"en-US\",\"@id\":\"https:\/\/www.nanovi.de\/en\/about-eng3-corporation\/#primaryimage\",\"url\":\"https:\/\/www.nanovi.de\/wp-content\/uploads\/2025\/07\/NanoVi-Exo-e1662504085858-1024x943.png\",\"contentUrl\":\"https:\/\/www.nanovi.de\/wp-content\/uploads\/2025\/07\/NanoVi-Exo-e1662504085858-1024x943.png\"},{\"@type\":\"BreadcrumbList\",\"@id\":\"https:\/\/www.nanovi.de\/en\/about-eng3-corporation\/#breadcrumb\",\"itemListElement\":[{\"@type\":\"ListItem\",\"position\":1,\"name\":\"Startseite\",\"item\":\"https:\/\/www.nanovi.de\/en\/home\/\"},{\"@type\":\"ListItem\",\"position\":2,\"name\":\"About Eng3 Corporation\"}]},{\"@type\":\"WebSite\",\"@id\":\"https:\/\/www.nanovi.de\/en\/#website\",\"url\":\"https:\/\/www.nanovi.de\/en\/\",\"name\":\"Nanovi\",\"description\":\"\",\"publisher\":{\"@id\":\"https:\/\/www.nanovi.de\/en\/#organization\"},\"potentialAction\":[{\"@type\":\"SearchAction\",\"target\":{\"@type\":\"EntryPoint\",\"urlTemplate\":\"https:\/\/www.nanovi.de\/en\/?s={search_term_string}\"},\"query-input\":{\"@type\":\"PropertyValueSpecification\",\"valueRequired\":true,\"valueName\":\"search_term_string\"}}],\"inLanguage\":\"en-US\"},{\"@type\":\"Organization\",\"@id\":\"https:\/\/www.nanovi.de\/en\/#organization\",\"name\":\"Nanovi\",\"url\":\"https:\/\/www.nanovi.de\/en\/\",\"logo\":{\"@type\":\"ImageObject\",\"inLanguage\":\"en-US\",\"@id\":\"https:\/\/www.nanovi.de\/en\/#\/schema\/logo\/image\/\",\"url\":\"https:\/\/www.nanovi.de\/wp-content\/uploads\/2025\/07\/NanoviFooterLogov2-1024x228-1-1.png\",\"contentUrl\":\"https:\/\/www.nanovi.de\/wp-content\/uploads\/2025\/07\/NanoviFooterLogov2-1024x228-1-1.png\",\"width\":1024,\"height\":228,\"caption\":\"Nanovi\"},\"image\":{\"@id\":\"https:\/\/www.nanovi.de\/en\/#\/schema\/logo\/image\/\"}}]}<\/script>\n<!-- \/ Yoast SEO plugin. -->","yoast_head_json":{"title":"About Eng3 Corporation - Nanovi","robots":{"index":"index","follow":"follow","max-snippet":"max-snippet:-1","max-image-preview":"max-image-preview:large","max-video-preview":"max-video-preview:-1"},"canonical":"https:\/\/www.nanovi.de\/en\/about-eng3-corporation\/","og_locale":"en_US","og_type":"article","og_title":"About Eng3 Corporation - Nanovi","og_description":"About Eng3 Corporation Our mission Our mission is to utilize the latest findings from biophysics, water science, and cellular research to improve cell health and enhance people&#8217;s long-term well-being. Instead of overriding the body&#8217;s natural processes with medication, we focus on supportive, gentle regeneration based on regular exercise, a balanced diet, sufficient sleep, and innovative [&hellip;]","og_url":"https:\/\/www.nanovi.de\/en\/about-eng3-corporation\/","og_site_name":"Nanovi","article_modified_time":"2026-03-26T11:28:15+00:00","og_image":[{"width":1133,"height":1043,"url":"https:\/\/www.nanovi.de\/wp-content\/uploads\/2025\/07\/NanoVi-Exo-e1662504085858.png","type":"image\/png"}],"twitter_card":"summary_large_image","twitter_misc":{"Est. reading time":"2 minutes"},"schema":{"@context":"https:\/\/schema.org","@graph":[{"@type":"WebPage","@id":"https:\/\/www.nanovi.de\/en\/about-eng3-corporation\/","url":"https:\/\/www.nanovi.de\/en\/about-eng3-corporation\/","name":"About Eng3 Corporation - Nanovi","isPartOf":{"@id":"https:\/\/www.nanovi.de\/en\/#website"},"primaryImageOfPage":{"@id":"https:\/\/www.nanovi.de\/en\/about-eng3-corporation\/#primaryimage"},"image":{"@id":"https:\/\/www.nanovi.de\/en\/about-eng3-corporation\/#primaryimage"},"thumbnailUrl":"https:\/\/www.nanovi.de\/wp-content\/uploads\/2025\/07\/NanoVi-Exo-e1662504085858-1024x943.png","datePublished":"2026-01-05T09:52:26+00:00","dateModified":"2026-03-26T11:28:15+00:00","breadcrumb":{"@id":"https:\/\/www.nanovi.de\/en\/about-eng3-corporation\/#breadcrumb"},"inLanguage":"en-US","potentialAction":[{"@type":"ReadAction","target":["https:\/\/www.nanovi.de\/en\/about-eng3-corporation\/"]}]},{"@type":"ImageObject","inLanguage":"en-US","@id":"https:\/\/www.nanovi.de\/en\/about-eng3-corporation\/#primaryimage","url":"https:\/\/www.nanovi.de\/wp-content\/uploads\/2025\/07\/NanoVi-Exo-e1662504085858-1024x943.png","contentUrl":"https:\/\/www.nanovi.de\/wp-content\/uploads\/2025\/07\/NanoVi-Exo-e1662504085858-1024x943.png"},{"@type":"BreadcrumbList","@id":"https:\/\/www.nanovi.de\/en\/about-eng3-corporation\/#breadcrumb","itemListElement":[{"@type":"ListItem","position":1,"name":"Startseite","item":"https:\/\/www.nanovi.de\/en\/home\/"},{"@type":"ListItem","position":2,"name":"About Eng3 Corporation"}]},{"@type":"WebSite","@id":"https:\/\/www.nanovi.de\/en\/#website","url":"https:\/\/www.nanovi.de\/en\/","name":"Nanovi","description":"","publisher":{"@id":"https:\/\/www.nanovi.de\/en\/#organization"},"potentialAction":[{"@type":"SearchAction","target":{"@type":"EntryPoint","urlTemplate":"https:\/\/www.nanovi.de\/en\/?s={search_term_string}"},"query-input":{"@type":"PropertyValueSpecification","valueRequired":true,"valueName":"search_term_string"}}],"inLanguage":"en-US"},{"@type":"Organization","@id":"https:\/\/www.nanovi.de\/en\/#organization","name":"Nanovi","url":"https:\/\/www.nanovi.de\/en\/","logo":{"@type":"ImageObject","inLanguage":"en-US","@id":"https:\/\/www.nanovi.de\/en\/#\/schema\/logo\/image\/","url":"https:\/\/www.nanovi.de\/wp-content\/uploads\/2025\/07\/NanoviFooterLogov2-1024x228-1-1.png","contentUrl":"https:\/\/www.nanovi.de\/wp-content\/uploads\/2025\/07\/NanoviFooterLogov2-1024x228-1-1.png","width":1024,"height":228,"caption":"Nanovi"},"image":{"@id":"https:\/\/www.nanovi.de\/en\/#\/schema\/logo\/image\/"}}]}},"_links":{"self":[{"href":"https:\/\/www.nanovi.de\/en\/wp-json\/wp\/v2\/pages\/5543","targetHints":{"allow":["GET"]}}],"collection":[{"href":"https:\/\/www.nanovi.de\/en\/wp-json\/wp\/v2\/pages"}],"about":[{"href":"https:\/\/www.nanovi.de\/en\/wp-json\/wp\/v2\/types\/page"}],"author":[{"embeddable":true,"href":"https:\/\/www.nanovi.de\/en\/wp-json\/wp\/v2\/users\/5"}],"replies":[{"embeddable":true,"href":"https:\/\/www.nanovi.de\/en\/wp-json\/wp\/v2\/comments?post=5543"}],"version-history":[{"count":16,"href":"https:\/\/www.nanovi.de\/en\/wp-json\/wp\/v2\/pages\/5543\/revisions"}],"predecessor-version":[{"id":6200,"href":"https:\/\/www.nanovi.de\/en\/wp-json\/wp\/v2\/pages\/5543\/revisions\/6200"}],"wp:attachment":[{"href":"https:\/\/www.nanovi.de\/en\/wp-json\/wp\/v2\/media?parent=5543"}],"curies":[{"name":"wp","href":"https:\/\/api.w.org\/{rel}","templated":true}]}}